{"id":80,"date":"2023-11-01T21:30:14","date_gmt":"2023-11-01T21:30:14","guid":{"rendered":"https:\/\/vogency.com\/?page_id=80"},"modified":"2024-02-11T08:05:06","modified_gmt":"2024-02-11T08:05:06","slug":"aviso-legal","status":"publish","type":"page","link":"https:\/\/vogency.com\/en\/aviso-legal\/","title":{"rendered":"Legal Disclaimer"},"content":{"rendered":"<p>[et_pb_section fb_built=\u00bb1&#8243; admin_label=\u00bbHeader\u00bb _builder_version=\u00bb4.19.4&#8243; _module_preset=\u00bbdefault\u00bb background_enable_color=\u00bboff\u00bb background_enable_image=\u00bboff\u00bb custom_margin=\u00bb0px|0px|0px|0px|false|false\u00bb custom_padding=\u00bb30px|0px|30px|0px|true|false\u00bb bottom_divider_height=\u00bb50px\u00bb bottom_divider_flip=\u00bbvertical\u00bb animation_style=\u00bbfade\u00bb locked=\u00bboff\u00bb collapsed=\u00bbon\u00bb global_colors_info=\u00bb{}\u00bb][et_pb_row _builder_version=\u00bb4.18.0&#8243; _module_preset=\u00bb3d94b5cc-e177-445c-ae57-54821b9105f5&#8243; max_width=\u00bbnone\u00bb module_alignment=\u00bbcenter\u00bb custom_margin=\u00bb2vw|0px||0px|false|false\u00bb custom_margin_tablet=\u00bb0vw||\u00bb custom_margin_last_edited=\u00bboff|desktop\u00bb custom_padding=\u00bb0px|0px|0px|0px|true|false\u00bb locked=\u00bboff\u00bb global_colors_info=\u00bb{}\u00bb][et_pb_column type=\u00bb4_4&#8243; _builder_version=\u00bb4.18.0&#8243; _module_preset=\u00bb3f5b2198-9a0c-49ca-bda7-79aa1c9a334f\u00bb custom_padding=\u00bb0px|0px|0px|0px|false|false\u00bb global_colors_info=\u00bb{}\u00bb][et_pb_text _builder_version=\u00bb4.19.5&#8243; _module_preset=\u00bbdefault\u00bb header_font=\u00bbRoboto|700|||||||\u00bb header_text_color=\u00bb#1d1d1f\u00bb header_font_size=\u00bb70px\u00bb custom_padding=\u00bb0px||0px||false|false\u00bb custom_padding_tablet=\u00bb0px||0px||true|false\u00bb custom_padding_phone=\u00bb0px||0px||true|false\u00bb custom_padding_last_edited=\u00bbon|phone\u00bb header_font_size_tablet=\u00bb50px\u00bb header_font_size_phone=\u00bb30px\u00bb header_font_size_last_edited=\u00bbon|phone\u00bb header_text_shadow_style=\u00bbpreset1&#8243; global_colors_info=\u00bb{}\u00bb]<\/p>\n<h1>Legal disclaimer<\/h1>\n<p>[\/et_pb_text][\/et_pb_column][\/et_pb_row][et_pb_row _builder_version=\u00bb4.19.2&#8243; _module_preset=\u00bb3d94b5cc-e177-445c-ae57-54821b9105f5&#8243; max_width=\u00bbnone\u00bb custom_margin=\u00bb-23px||-23px||true|false\u00bb custom_margin_tablet=\u00bb-23px||-23px||true|false\u00bb custom_margin_phone=\u00bb0px||||false|false\u00bb custom_margin_last_edited=\u00bbon|phone\u00bb custom_padding=\u00bb0px||0px||true|\u00bb locked=\u00bboff\u00bb global_colors_info=\u00bb{}\u00bb][et_pb_column type=\u00bb4_4&#8243; _builder_version=\u00bb4.18.0&#8243; _module_preset=\u00bb3f5b2198-9a0c-49ca-bda7-79aa1c9a334f\u00bb global_colors_info=\u00bb{}\u00bb][et_pb_text _builder_version=\u00bb4.23.1&#8243; _module_preset=\u00bbdefault\u00bb text_text_color=\u00bb#000000&#8243; header_font=\u00bbRoboto|800|||||||\u00bb header_text_color=\u00bb#242424&#8243; header_font_size=\u00bb3vw\u00bb header_letter_spacing=\u00bb0.2em\u00bb header_line_height=\u00bb1.1em\u00bb header_2_font=\u00bbRoboto|900|||||||\u00bb header_2_text_align=\u00bbcenter\u00bb header_2_text_color=\u00bb#474747&#8243; header_2_font_size=\u00bb40px\u00bb header_2_letter_spacing=\u00bb3px\u00bb text_orientation=\u00bbcenter\u00bb background_layout=\u00bbdark\u00bb custom_margin=\u00bb0vw|0px||0px|false|false\u00bb custom_padding=\u00bb20px|0px|0px|0px|false|false\u00bb custom_padding_tablet=\u00bb0px||||false|false\u00bb custom_padding_phone=\u00bb0px||||false|false\u00bb custom_padding_last_edited=\u00bbon|phone\u00bb text_font_size_tablet=\u00bb20px\u00bb text_font_size_phone=\u00bb17px\u00bb text_font_size_last_edited=\u00bbon|desktop\u00bb text_letter_spacing_tablet=\u00bb0px\u00bb text_letter_spacing_phone=\u00bb0px\u00bb text_letter_spacing_last_edited=\u00bbon|tablet\u00bb header_font_size_phone=\u00bb23px\u00bb header_letter_spacing_tablet=\u00bb\u00bb header_letter_spacing_phone=\u00bb0em\u00bb header_letter_spacing_last_edited=\u00bbon|desktop\u00bb header_line_height_tablet=\u00bb0.9em\u00bb header_line_height_phone=\u00bb0.5em\u00bb header_line_height_last_edited=\u00bbon|phone\u00bb header_2_font_size_tablet=\u00bb30px\u00bb header_2_font_size_phone=\u00bb23px\u00bb header_2_font_size_last_edited=\u00bbon|phone\u00bb header_2_letter_spacing_tablet=\u00bb3px\u00bb header_2_letter_spacing_phone=\u00bb0px\u00bb header_2_letter_spacing_last_edited=\u00bbon|desktop\u00bb text_text_align=\u00bbcenter\u00bb global_colors_info=\u00bb{}\u00bb]<\/p>\n<h2>Aviso Legal<\/h2>\n<p>[\/et_pb_text][\/et_pb_column][\/et_pb_row][\/et_pb_section][et_pb_section fb_built=\u00bb1&#8243; _builder_version=\u00bb4.18.0&#8243; _module_preset=\u00bbdefault\u00bb background_enable_color=\u00bboff\u00bb global_colors_info=\u00bb{}\u00bb][et_pb_row _builder_version=\u00bb4.18.0&#8243; _module_preset=\u00bbebd5f9c8-5b58-4abd-a523-17f0d024fdd2&#8243; global_colors_info=\u00bb{}\u00bb][et_pb_column type=\u00bb4_4&#8243; _builder_version=\u00bb4.16&#8243; _module_preset=\u00bbdefault\u00bb custom_padding=\u00bb|||\u00bb global_colors_info=\u00bb{}\u00bb custom_padding__hover=\u00bb|||\u00bb][et_pb_toggle title=\u00bbIntroducci\u00f3n\u00bb open_toggle_background_color=\u00bbrgba(0,0,0,0)\u00bb closed_toggle_background_color=\u00bbrgba(0,0,0,0)\u00bb icon_color=\u00bb#474747&#8243; open_icon_color=\u00bb#474747&#8243; _builder_version=\u00bb4.24.0&#8243; _module_preset=\u00bbdefault\u00bb title_level=\u00bbh3&#8243; title_font=\u00bb|600|||||||\u00bb title_font_size=\u00bb15px\u00bb title_letter_spacing=\u00bb1px\u00bb title_line_height=\u00bb1.6em\u00bb body_font=\u00bb|300|||||||\u00bb text_orientation=\u00bbjustified\u00bb custom_margin=\u00bb||0px\u00bb custom_padding=\u00bb30px||30px||true\u00bb body_font_size_tablet=\u00bb15px\u00bb body_font_size_phone=\u00bb14px\u00bb body_font_size_last_edited=\u00bbon|tablet\u00bb border_width_all=\u00bb0px\u00bb border_color_all=\u00bb#f0f4fa\u00bb border_width_bottom=\u00bb1px\u00bb global_colors_info=\u00bb{}\u00bb]<\/p>\n<p>En cumplimiento con el deber de informaci\u00f3n recogido en el art\u00edculo 10 de la Ley 34\/2002, de 11 de Julio, de Servicios de la Sociedad de la Informaci\u00f3n y del Comercio Electr\u00f3nico, le informamos que el Sitio Web <a href=\"https:\/\/vogency.com,\">https:\/\/vogency.com,<\/a> es titularidad de ADROGUE BRANDING S.L. con CIF B66376765 y domicilio social en C\/ Manresa,14, 08500, Vic, Barcelona.<\/p>\n<p>Responsable:<br \/>ADROGUE BRANDING SL<\/p>\n<p>Finalidad:<br \/>Informaci\u00f3n de servicios relacionados con la gesti\u00f3n de voces, grabaci\u00f3n y producci\u00f3n, la comunicaci\u00f3n audiovisual y servicios estrat\u00e9gicos de comunicaci\u00f3n.<\/p>\n<p>Legitimaci\u00f3n:<br \/>Consentimiento expreso e inter\u00e9s leg\u00edtimo.<\/p>\n<p>[\/et_pb_toggle][et_pb_toggle title=\u00bbAviso Legal\u00bb open_toggle_background_color=\u00bbrgba(0,0,0,0)\u00bb closed_toggle_background_color=\u00bbrgba(0,0,0,0)\u00bb icon_color=\u00bb#474747&#8243; open_icon_color=\u00bb#474747&#8243; _builder_version=\u00bb4.24.0&#8243; _module_preset=\u00bbdefault\u00bb title_level=\u00bbh3&#8243; title_font=\u00bb|600|||||||\u00bb title_font_size=\u00bb15px\u00bb title_letter_spacing=\u00bb1px\u00bb title_line_height=\u00bb1.6em\u00bb body_font=\u00bb|300|||||||\u00bb text_orientation=\u00bbjustified\u00bb custom_margin=\u00bb||0px\u00bb custom_padding=\u00bb30px||30px||true\u00bb body_font_size_tablet=\u00bb15px\u00bb body_font_size_phone=\u00bb14px\u00bb body_font_size_last_edited=\u00bbon|tablet\u00bb border_width_all=\u00bb0px\u00bb border_color_all=\u00bb#f0f4fa\u00bb border_width_bottom=\u00bb1px\u00bb global_colors_info=\u00bb{}\u00bb]<\/p>\n<p>El presente aviso legal regula las condiciones de uso del citado portal de Internet.<\/p>\n<p>Ley aplicable y jurisdicci\u00f3n:<br \/>Con car\u00e1cter general, las relaciones entre vogency.com y los usuarios de sus servicios telem\u00e1ticos presentes en la web se encuentran sometidas a la legislaci\u00f3n y jurisdicci\u00f3n espa\u00f1olas. Las partes renuncian expresamente al fuero que les pudiera corresponder y someten expresamente a los Juzgados y Tribunales de Barcelona para resolver cualquier controversia que pueda surgir en la interpretaci\u00f3n o ejecuci\u00f3n de las presentes condiciones contractuales.<\/p>\n<p>Aceptaciones del usuario:<br \/>Este Aviso Legal regula el acceso y utilizaci\u00f3n de la p\u00e1gina web que vogency.com pone a la disposici\u00f3n de los usuarios de Internet. Se considera usuario la persona que acceda, navegue, utilice o participe en los servicios y actividades de la p\u00e1gina web. El usuario queda informado y acepta que el acceso a la presente web no supone, en modo alguno, el inicio de una relaci\u00f3n comercial con vogency.com. El acceso y navegaci\u00f3n en el sitio web por parte del usuario supone la aceptaci\u00f3n de la totalidad de las presentes Condiciones de Uso. En caso de desacuerdo con las condiciones, debe abstenerse de usar el sitio web.<\/p>\n<p>Acceso a la web:<br \/>El acceso a la p\u00e1gina web por parte de los usuarios es de car\u00e1cter libre y gratuito. Algunos servicios pueden encontrarse sujetos a contrataci\u00f3n previa del servicio. En caso de ser necesario que el usuario aporte datos personales para acceder a alguno de los servicios, la recogida y el tratamiento de los datos se realizar\u00e1n de conformidad con la normativa vigente, en concreto con el RGPD. Para m\u00e1s informaci\u00f3n, consulte nuestra pol\u00edtica de privacidad.<\/p>\n<p>Contenido y uso:<br \/>La visita al sitio web por parte del usuario deber\u00e1 hacerse de forma responsable y de conformidad con la legalidad vigente, la buena fe, el presente Aviso Legal y respetando los derechos de propiedad intelectual e industrial de titularidad de vogency.com o cualquier otra persona f\u00edsica o jur\u00eddica. El uso de cualquiera de los contenidos del sitio web con finalidades que sean o pudieran ser il\u00edcitas queda totalmente prohibido, as\u00ed como la realizaci\u00f3n de cualquier acci\u00f3n que cause o pueda causar da\u00f1os o alteraciones de cualquier tipo no consentidas por vogency.com, al sitio web o a sus contenidos. El titular del web no se identifica con las opiniones vertidas en \u00e9l mismo por sus colaboradores. La empresa se reserva el derecho de efectuar sin previo aviso las modificaciones que considere oportunas en su Web, pudiendo cambiar, suprimir o a\u00f1adir tanto los contenidos y servicios que se presten a trav\u00e9s de esta como la forma en la que \u00e9stos aparezcan presentados o localizados en sus servidores.<\/p>\n<p>Propiedad intelectual e industrial:<br \/>Los derechos de propiedad intelectual del contenido de las p\u00e1ginas web, su dise\u00f1o gr\u00e1fico y c\u00f3digos son titularidad de vogency.com y, por tanto, queda prohibida su reproducci\u00f3n, distribuci\u00f3n, comunicaci\u00f3n p\u00fablica, transformaci\u00f3n o cualquier otra actividad que se realice con los contenidos de la p\u00e1gina web, ni siquiera, aunque se citen las fuentes, salvo que se cuente con el consentimiento previo, expreso y por escrito de vogency.com. Todos los nombres comerciales, marcas o signos distintos de cualquier clase de contenidos en las p\u00e1ginas web de la empresa son propiedad de sus due\u00f1os y est\u00e1n protegidos por ley. Vogency.com no concede ninguna licencia o autorizaci\u00f3n de uso de ninguna clase sobre sus derechos de propiedad intelectual e industrial o sobre cualquier otra propiedad o derecho relacionado con el sitio web, y en ning\u00fan caso se entender\u00e1 que el acceso y navegaci\u00f3n de los usuarios implica una renuncia, transmisi\u00f3n, licencia o cesi\u00f3n total ni parcial de dichos derechos por parte de vogency.com. Cualquier uso de esos contenidos no autorizado previamente por parte de vogency.com ser\u00e1 considerado un incumplimiento grave de los derechos de propiedad intelectual o industrial y dar\u00e1 lugar a las responsabilidades legalmente establecidas. Vogency.com se reserva el derecho de ejercitar frente al usuario las acciones judiciales y extrajudiciales que correspondan.<\/p>\n<p>Responsabilidad y garant\u00edas:<br \/>Vogency.com declara que ha adoptado las medidas necesarias que, dentro de sus posibilidades y el estado de la tecnolog\u00eda, permitan el correcto funcionamiento de su sitio web, as\u00ed como la ausencia de virus y componentes da\u00f1inos. Sin embargo, vogency.com no puede hacerse responsable de las siguientes situaciones que se enumeran a t\u00edtulo enunciativo, pero no limitativo:<\/p>\n<ul>\n<li>La continuidad y disponibilidad de los contenidos.<\/li>\n<li>La ausencia de errores en dichos contenidos ni la correcci\u00f3n de cualquier defecto que pudiera ocurrir.<\/li>\n<li>La ausencia de virus y\/o dem\u00e1s componentes da\u00f1inos.<\/li>\n<li>Los da\u00f1os o perjuicios que cause cualquier persona que vulnere los sistemas de seguridad de vogency.com.<\/li>\n<li>El uso que los usuarios puedan hacer de los contenidos incluidos en el web.<\/li>\n<\/ul>\n<p>En consecuencia, vogency.com no garantiza que el uso que los usuarios puedan hacer de los contenidos que en su caso se incluyan en el sitio web se ajusten al presente aviso legal, ni que el uso del sitio web se realice de forma diligente.<\/p>\n<ul>\n<li>El uso por menores de edad del sitio web o del env\u00edo de sus datos personales sin el permiso de sus tutores, siendo los tutores responsables del uso que hagan de Internet.<\/li>\n<li>Los contenidos a los que el usuario pueda acceder a trav\u00e9s de enlaces no autorizados o introducidos por usuarios mediante comentarios o herramientas similares.<\/li>\n<li>La introducci\u00f3n de datos err\u00f3neos por parte del usuario o de un tercero.<\/li>\n<li>Vogency.com podr\u00e1 suspender temporalmente y sin previo aviso la accesibilidad al sitio web con motivo de operaciones de mantenimiento, reparaci\u00f3n, actualizaci\u00f3n o mejora. No obstante, siempre que las circunstancias lo permitan, vogency.com comunicar\u00e1 al usuario, con antelaci\u00f3n suficiente, la fecha prevista para la suspensi\u00f3n de los contenidos.<\/li>\n<\/ul>\n<p>Asimismo, de conformidad con los arts. 11 y 16 de la Ley 34\/2002, de 11 de julio, de servicios de la sociedad de la informaci\u00f3n y de comercio electr\u00f3nico (LSSICE), vogency.com se compromete a la eliminaci\u00f3n o, en su caso, bloqueo de los contenidos que pudieran afectar o ser contrarios a la legislaci\u00f3n vigente, los derechos de terceros o la moral y orden p\u00fablico.<\/p>\n<p>Cookies:<br \/>Vogency.com utiliza cookies, a los efectos de optimizar y personalizar su navegaci\u00f3n por el sitio web. Las cookies son ficheros f\u00edsicos de informaci\u00f3n que se alojan en el propio terminal del usuario. La informaci\u00f3n recogida mediante las cookies sirve para facilitar la navegaci\u00f3n del usuario por el portal y optimizar la experiencia de navegaci\u00f3n. Los datos recopilados mediante las cookies pueden ser compartidos con los creadores de estas, pero en ning\u00fan caso la informaci\u00f3n obtenida por las mismas ser\u00e1 asociada a datos personales ni a datos que puedan identificar al usuario. Sin embargo, si el usuario no desea que se instalen cookies en su disco duro, tiene la posibilidad de configurar el navegador de tal modo que impida la instalaci\u00f3n de estos archivos. Para obtener m\u00e1s informaci\u00f3n, consulte nuestra <a href=\"https:\/\/vogency.com\/politica-de-cookies\/\" target=\"_blank\" rel=\"noopener\">Pol\u00edtica de Cookies.<\/a><\/p>\n<p>Enlaces (links):<br \/>La presencia de enlaces (links) en la p\u00e1gina web de vogency.com hacia otros sitios de Internet tiene finalidad meramente informativa y en ning\u00fan caso suponen sugerencia, invitaci\u00f3n o recomendaci\u00f3n sobre los mismos. Vogency.com no asumir\u00e1 responsabilidad por los contenidos de un enlace perteneciente a un sitio web ajeno, ni garantizar\u00e1 la fiabilidad, exactitud, amplitud, veracidad, validez y disponibilidad t\u00e9cnica.<\/p>\n<p>En el caso de que en otros sitios web se establezcan enlaces a la p\u00e1gina web de vogency.com, no se entender\u00e1 que vogency.com ha autorizado el enlace o el contenido del sitio web en el que se contiene el enlace, tampoco podr\u00e1 incluirse en la p\u00e1gina del enlace contenidos inapropiados, difamatorios, ilegales, obscenos o il\u00edcitos, ni otros contenidos que sean contrarios a la legalidad vigente. Vogency.com se reserva la posibilidad de contactar con el propietario del sitio web en el que se establezca el enlace si considera que se incumple la normativa, as\u00ed como de ejercitar las correspondientes acciones judiciales y extrajudiciales.<\/p>\n<p>Modificaci\u00f3n de las condiciones:<br \/>Vogency.com se reserva expresamente el derecho a modificar unilateralmente, total o parcialmente, sin necesidad de previo aviso, el presente Aviso Legal. El usuario reconoce y acepta que es su responsabilidad revisar peri\u00f3dicamente el presente Aviso Legal.<\/p>\n<p>[\/et_pb_toggle][et_pb_toggle title=\u00bbContacto\u00bb open_toggle_background_color=\u00bbrgba(0,0,0,0)\u00bb closed_toggle_background_color=\u00bbrgba(0,0,0,0)\u00bb icon_color=\u00bb#474747&#8243; open_icon_color=\u00bb#474747&#8243; _builder_version=\u00bb4.24.0&#8243; _module_preset=\u00bbdefault\u00bb title_level=\u00bbh3&#8243; title_font=\u00bb|600|||||||\u00bb title_font_size=\u00bb15px\u00bb title_letter_spacing=\u00bb1px\u00bb title_line_height=\u00bb1.6em\u00bb body_font=\u00bb|300|||||||\u00bb text_orientation=\u00bbjustified\u00bb custom_margin=\u00bb||0px\u00bb custom_padding=\u00bb30px||30px||true\u00bb body_font_size_tablet=\u00bb15px\u00bb body_font_size_phone=\u00bb14px\u00bb body_font_size_last_edited=\u00bbon|tablet\u00bb border_width_all=\u00bb0px\u00bb border_color_all=\u00bb#f0f4fa\u00bb border_width_bottom=\u00bb1px\u00bb global_colors_info=\u00bb{}\u00bb]<\/p>\n<p>Puedes contactar con nosotros a trav\u00e9s de las siguientes maneras:<\/p>\n<p class=\"p1\">Manresa, 14<br \/>08500, Vic.<br \/>936 923 575<\/p>\n<p><a href=\"mailto:contacto@vogency.com\">contacto@vogency.com<\/a><\/p>\n<p>&nbsp;<\/p>\n<p>[\/et_pb_toggle][\/et_pb_column][\/et_pb_row][et_pb_row _builder_version=\u00bb4.19.5&#8243; _module_preset=\u00bbdefault\u00bb global_colors_info=\u00bb{}\u00bb][et_pb_column type=\u00bb4_4&#8243; _builder_version=\u00bb4.19.5&#8243; _module_preset=\u00bbdefault\u00bb background_color=\u00bb#000000&#8243; global_colors_info=\u00bb{}\u00bb][et_pb_button button_url=\u00bbhttps:\/\/www.vogency.com\u00bb button_text=\u00bbIR A LA HOME\u00bb button_alignment=\u00bbcenter\u00bb _builder_version=\u00bb4.22.0&#8243; _module_preset=\u00bbdefault\u00bb custom_button=\u00bbon\u00bb button_text_size=\u00bb17px\u00bb button_text_color=\u00bb#FFFFFF\u00bb button_bg_color=\u00bbRGBA(255,255,255,0)\u00bb button_border_width=\u00bb1px\u00bb button_border_color=\u00bbRGBA(255,255,255,0)\u00bb button_font=\u00bb|600|||||||\u00bb button_icon=\u00bb&#x4a;||divi||400&#8243; button_icon_color=\u00bb#FFFFFF\u00bb global_colors_info=\u00bb{}\u00bb][\/et_pb_button][\/et_pb_column][\/et_pb_row][\/et_pb_section]<\/p>\n","protected":false},"excerpt":{"rendered":"<p>Legal disclaimerAviso LegalEn cumplimiento con el deber de informaci\u00f3n recogido en el art\u00edculo 10 de la Ley 34\/2002, de 11 de Julio, de Servicios de la Sociedad de la Informaci\u00f3n y del Comercio Electr\u00f3nico, le informamos que el Sitio Web https:\/\/vogency.com, es titularidad de ADROGUE BRANDING S.L. con CIF B66376765 y domicilio social en C\/ [&hellip;]<\/p>\n","protected":false},"author":1,"featured_media":262304,"parent":0,"menu_order":0,"comment_status":"closed","ping_status":"closed","template":"","meta":{"_et_pb_use_builder":"on","_et_pb_old_content":"","_et_gb_content_width":"","footnotes":""},"class_list":["post-80","page","type-page","status-publish","has-post-thumbnail","hentry"],"_links":{"self":[{"href":"https:\/\/vogency.com\/en\/wp-json\/wp\/v2\/pages\/80","targetHints":{"allow":["GET"]}}],"collection":[{"href":"https:\/\/vogency.com\/en\/wp-json\/wp\/v2\/pages"}],"about":[{"href":"https:\/\/vogency.com\/en\/wp-json\/wp\/v2\/types\/page"}],"author":[{"embeddable":true,"href":"https:\/\/vogency.com\/en\/wp-json\/wp\/v2\/users\/1"}],"replies":[{"embeddable":true,"href":"https:\/\/vogency.com\/en\/wp-json\/wp\/v2\/comments?post=80"}],"version-history":[{"count":0,"href":"https:\/\/vogency.com\/en\/wp-json\/wp\/v2\/pages\/80\/revisions"}],"wp:featuredmedia":[{"embeddable":true,"href":"https:\/\/vogency.com\/en\/wp-json\/wp\/v2\/media\/262304"}],"wp:attachment":[{"href":"https:\/\/vogency.com\/en\/wp-json\/wp\/v2\/media?parent=80"}],"curies":[{"name":"wp","href":"https:\/\/api.w.org\/{rel}","templated":true}]}}