{"id":73,"date":"2023-11-01T21:13:32","date_gmt":"2023-11-01T21:13:32","guid":{"rendered":"https:\/\/vogency.com\/?page_id=73"},"modified":"2024-02-11T08:05:17","modified_gmt":"2024-02-11T08:05:17","slug":"politica-de-cookies","status":"publish","type":"page","link":"https:\/\/vogency.com\/cat\/politica-de-cookies\/","title":{"rendered":"Poli\u0301tica de cookies"},"content":{"rendered":"<p>[et_pb_section fb_built=\u00bb1&#8243; admin_label=\u00bbHeader\u00bb _builder_version=\u00bb4.19.4&#8243; _module_preset=\u00bbdefault\u00bb background_enable_color=\u00bboff\u00bb background_enable_image=\u00bboff\u00bb custom_margin=\u00bb0px|0px|0px|0px|false|false\u00bb custom_padding=\u00bb30px|0px|30px|0px|true|false\u00bb bottom_divider_height=\u00bb50px\u00bb bottom_divider_flip=\u00bbvertical\u00bb animation_style=\u00bbfade\u00bb locked=\u00bboff\u00bb collapsed=\u00bbon\u00bb global_colors_info=\u00bb{}\u00bb][et_pb_row _builder_version=\u00bb4.18.0&#8243; _module_preset=\u00bba70265c9-bc4b-4436-981e-c4399a4c6921&#8243; max_width=\u00bbnone\u00bb module_alignment=\u00bbcenter\u00bb custom_margin=\u00bb2vw|0px||0px|false|false\u00bb custom_margin_tablet=\u00bb0vw||\u00bb custom_margin_last_edited=\u00bboff|desktop\u00bb custom_padding=\u00bb0px|0px|0px|0px|true|false\u00bb locked=\u00bboff\u00bb global_colors_info=\u00bb{}\u00bb][et_pb_column type=\u00bb4_4&#8243; _builder_version=\u00bb4.18.0&#8243; _module_preset=\u00bbae1a9770-7823-459f-848c-d88090d0086f\u00bb custom_padding=\u00bb0px|0px|0px|0px|false|false\u00bb global_colors_info=\u00bb{}\u00bb][et_pb_text _builder_version=\u00bb4.19.5&#8243; _module_preset=\u00bbdefault\u00bb header_font=\u00bbRoboto|700|||||||\u00bb header_text_color=\u00bb#1d1d1f\u00bb header_font_size=\u00bb70px\u00bb custom_padding=\u00bb0px||0px||false|false\u00bb custom_padding_tablet=\u00bb0px||0px||true|false\u00bb custom_padding_phone=\u00bb0px||0px||true|false\u00bb custom_padding_last_edited=\u00bbon|phone\u00bb header_font_size_tablet=\u00bb50px\u00bb header_font_size_phone=\u00bb30px\u00bb header_font_size_last_edited=\u00bbon|phone\u00bb header_text_shadow_style=\u00bbpreset1&#8243; global_colors_info=\u00bb{}\u00bb]<\/p>\n<h1>Cookie policy<\/h1>\n<p>[\/et_pb_text][\/et_pb_column][\/et_pb_row][et_pb_row _builder_version=\u00bb4.19.2&#8243; _module_preset=\u00bba70265c9-bc4b-4436-981e-c4399a4c6921&#8243; max_width=\u00bbnone\u00bb custom_margin=\u00bb-23px||-23px||true|false\u00bb custom_margin_tablet=\u00bb-23px||-23px||true|false\u00bb custom_margin_phone=\u00bb0px||||false|false\u00bb custom_margin_last_edited=\u00bbon|phone\u00bb custom_padding=\u00bb0px||0px||true|\u00bb locked=\u00bboff\u00bb global_colors_info=\u00bb{}\u00bb][et_pb_column type=\u00bb4_4&#8243; _builder_version=\u00bb4.18.0&#8243; _module_preset=\u00bbae1a9770-7823-459f-848c-d88090d0086f\u00bb global_colors_info=\u00bb{}\u00bb][et_pb_text _builder_version=\u00bb4.23.1&#8243; _module_preset=\u00bbdefault\u00bb text_text_color=\u00bb#000000&#8243; header_font=\u00bbRoboto|800|||||||\u00bb header_text_color=\u00bb#242424&#8243; header_font_size=\u00bb3vw\u00bb header_letter_spacing=\u00bb0.2em\u00bb header_line_height=\u00bb1.1em\u00bb header_2_font=\u00bbRoboto|900|||||||\u00bb header_2_text_align=\u00bbcenter\u00bb header_2_text_color=\u00bb#474747&#8243; header_2_font_size=\u00bb40px\u00bb header_2_letter_spacing=\u00bb3px\u00bb text_orientation=\u00bbcenter\u00bb background_layout=\u00bbdark\u00bb custom_margin=\u00bb0vw|0px||0px|false|false\u00bb custom_padding=\u00bb20px|0px|0px|0px|false|false\u00bb custom_padding_tablet=\u00bb0px||||false|false\u00bb custom_padding_phone=\u00bb0px||||false|false\u00bb custom_padding_last_edited=\u00bbon|phone\u00bb text_font_size_tablet=\u00bb20px\u00bb text_font_size_phone=\u00bb17px\u00bb text_font_size_last_edited=\u00bbon|desktop\u00bb text_letter_spacing_tablet=\u00bb0px\u00bb text_letter_spacing_phone=\u00bb0px\u00bb text_letter_spacing_last_edited=\u00bbon|tablet\u00bb header_font_size_phone=\u00bb23px\u00bb header_letter_spacing_tablet=\u00bb\u00bb header_letter_spacing_phone=\u00bb0em\u00bb header_letter_spacing_last_edited=\u00bbon|desktop\u00bb header_line_height_tablet=\u00bb0.9em\u00bb header_line_height_phone=\u00bb0.5em\u00bb header_line_height_last_edited=\u00bbon|phone\u00bb header_2_font_size_tablet=\u00bb30px\u00bb header_2_font_size_phone=\u00bb23px\u00bb header_2_font_size_last_edited=\u00bbon|phone\u00bb header_2_letter_spacing_tablet=\u00bb3px\u00bb header_2_letter_spacing_phone=\u00bb0px\u00bb header_2_letter_spacing_last_edited=\u00bbon|desktop\u00bb text_text_align=\u00bbcenter\u00bb global_colors_info=\u00bb{}\u00bb]<\/p>\n<h2>Pol\u00edtica de cookies<\/h2>\n<p>[\/et_pb_text][\/et_pb_column][\/et_pb_row][\/et_pb_section][et_pb_section fb_built=\u00bb1&#8243; _builder_version=\u00bb4.18.0&#8243; _module_preset=\u00bbdefault\u00bb background_enable_color=\u00bboff\u00bb global_colors_info=\u00bb{}\u00bb][et_pb_row _builder_version=\u00bb4.18.0&#8243; _module_preset=\u00bbd8bfdd70-ab5b-425a-807d-5c8f1be35191&#8243; global_colors_info=\u00bb{}\u00bb][et_pb_column type=\u00bb4_4&#8243; _builder_version=\u00bb4.16&#8243; _module_preset=\u00bbdefault\u00bb custom_padding=\u00bb|||\u00bb global_colors_info=\u00bb{}\u00bb custom_padding__hover=\u00bb|||\u00bb][et_pb_text _builder_version=\u00bb4.22.0&#8243; _module_preset=\u00bbdefault\u00bb global_colors_info=\u00bb{}\u00bb]<\/p>\n<p class=\"p1\"><span class=\"s1\">En cumplimiento con el deber de informaci\u00f3n recogido en art\u00edculo 10 de la Ley 34\/2002, de 11 de Julio, de Servicios de la Sociedad de la Informaci\u00f3n y del Comercio Electr\u00f3nico, le informamos que el Sitio Web https:\/\/vogency.com (en adelante, \u201cel Web\u201d) es titularidad de ADROGUE BRANDING S.L. CIF B66376765, con domicilio social en C\/ Manresa, 14, 08500, Vic, Barcelona.<\/span><\/p>\n<p><strong>Responsable:<\/strong><br \/>ADROGUE BRANDING SL<\/p>\n<p><strong>Finalidad:\u2028<\/strong> Informaci\u00f3n de servicios relacionados con la gesti\u00f3n de voces, grabaci\u00f3n y producci\u00f3n, la comunicaci\u00f3n audiovisual y servicios estrat\u00e9gicos de comunicaci\u00f3n.<\/p>\n<p><strong>Legitimaci\u00f3n:<\/strong> Consentimiento expreso e inter\u00e9s leg\u00edtimo.<\/p>\n<p>En cumplimiento con el deber de informaci\u00f3n recogido en el apartado 2\u00ba del art\u00edculo 22 de la Ley 34\/2002, de 11 de Julio, de Servicios de la Sociedad de la Informaci\u00f3n y del Comercio Electr\u00f3nico, la presente pol\u00edtica de cookies tiene por finalidad informarle de manera clara y precisa sobre las cookies que se utilizan en la p\u00e1gina web de vogency.com.<\/p>\n<p><strong>\u00bfQu\u00e9 son las cookies?<\/strong><\/p>\n<p>Las cookies son peque\u00f1os archivos de datos creados por lo sitios webs y que se utilizan para almacenar informaci\u00f3n en los diferentes navegadores webs de ordenadores o dispositivos m\u00f3viles. El prop\u00f3sito es identificar y conocer mejor al usuario, de manera que se le pueda ofrecer el contenido m\u00e1s id\u00f3neo para sus h\u00e1bitos de navegaci\u00f3n.<\/p>\n<p>Una cookie es un fichero de peque\u00f1o tama\u00f1o que los sitios web env\u00edan al navegador y se descargan en su ordenador. Las cookies permiten que la p\u00e1gina web almacene y recupere la informaci\u00f3n sobre su visita, como su idioma preferido y otras opciones, con el fin de mejorar los servicios que se ofrecen y contribuir a tener una mejor experiencia de navegaci\u00f3n para el usuario.<\/p>\n<p><strong>Tipos de cookies:<\/strong><\/p>\n<p>En funci\u00f3n de qui\u00e9n gestione el dominio desde donde se env\u00edan las cookies y se traten los datos, se distinguir\u00e1 entre cookies propias y cookies de terceros.<\/p>\n<p>Las cookies tambi\u00e9n pueden clasificarse seg\u00fan el plazo de tiempo que permanezcan almacenadas en el navegador del usuario, distingui\u00e9ndose entre cookies de sesi\u00f3n o cookies persistentes.<\/p>\n<p>Finalmente, en funci\u00f3n de la finalidad para la que se trate la informaci\u00f3n recopilada, las cookies se pueden clasificar en las siguientes categor\u00edas:<\/p>\n<p><strong>Cookies t\u00e9cnicas:<\/strong> permiten al usuario navegar por un sitio web y utilizar algunos de los servicios ofrecidos por el mismo (como, por ejemplo, las que sirven para recordar los elementos integrantes de un carrito de compra).<\/p>\n<p><strong>Cookies de personalizaci\u00f3n:<\/strong> permiten que el usuario acceda al sitio web con unas caracter\u00edsticas determinadas, como puede ser el idioma.<\/p>\n<p><strong>Cookies de seguridad:<\/strong> sirven para impedir o dificultar los ataques contra el sitio web.<br \/><strong>Cookies de complemento:<\/strong> para intercambiar contenidos sociales: los llamados plug-in, que permiten compartir contenidos en redes sociales.<\/p>\n<p><strong>Cookies de an\u00e1lisis:<\/strong> permiten al responsable el seguimiento del comportamiento del usuario.<\/p>\n<p><strong>Cookies publicitarias:<\/strong> permiten gestionar los espacios de publicidad del sitio web.<\/p>\n<p><strong>Cookies de publicidad comportamental<\/strong>: como las anteriores, sirven para gestionar los espacios de publicidad del sitio web en funci\u00f3n de la informaci\u00f3n recogida sobre el comportamiento del usuario y sus h\u00e1bitos, adaptando la publicidad al perfil del usuario.<\/p>\n<p><strong>Cookies de geolocalizaci\u00f3n:<\/strong> utilizadas para averiguar el pa\u00eds donde se encuentra el usuario.<\/p>\n<p><strong><\/strong><\/p>\n<p><strong>Autorizaci\u00f3n para el uso de cookies:<\/strong><\/p>\n<p>De conformidad con el aviso de cookies que aparece en el sitio web, el usuario puede consentir expresamente el uso de cookies que requieran consentimiento; sin embargo, el uso de cookies t\u00e9cnicas o necesarias no requiere de consentimiento. Sin perjuicio de todo ello, el usuario puede modificar la configuraci\u00f3n de su navegador para rechazar el uso de las cookies.<\/p>\n<p><strong>Cookies utilizadas en la web:<\/strong><\/p>\n<p>La aplicaci\u00f3n que utilizamos para obtener y analizar la informaci\u00f3n de la navegaci\u00f3n es: Google Analytics. Puede consultar su pol\u00edtica de cookies a trav\u00e9s de los siguientes enlaces:<\/p>\n<p><a href=\"https:\/\/developers.google.com\/analytics\/devguides\/collection\/analyticsjs\/cookie-usage\" target=\"_blank\" rel=\"noopener\">https:\/\/developers.google.com\/analytics\/devguides\/collection\/analyticsjs\/cookie-usage<\/a><\/p>\n<p><a href=\"https:\/\/support.google.com\/analytics\/answer\/6004245\" target=\"_blank\" rel=\"noopener\">https:\/\/support.google.com\/analytics\/answer\/6004245<\/a><\/p>\n<p>Esta aplicaci\u00f3n ha sido desarrollada por Google, entidad que nos presta el servicio de an\u00e1lisis de la audiencia de nuestra p\u00e1gina. Google puede utilizar estos datos para mejorar sus propios servicios y para ofrecer servicios a otras empresas.<\/p>\n<p>Asimismo, vogency.com pone en conocimiento del usuario que tiene la posibilidad de configurar su navegador de modo que se le informe de la recepci\u00f3n de cookies pudiendo, si as\u00ed lo desea, impedir que sean instaladas en su disco duro.<\/p>\n<p><strong>C\u00f3mo modificar la configuraci\u00f3n de las cookies:<\/strong><\/p>\n<p>Usted puede restringir, bloquear o borrar las cookies de vogency.com o cualquier otra p\u00e1gina web utilizando su navegador. En cada navegador la operativa es diferente, puede encontrar c\u00f3mo hacerlo en el men\u00fa de ayuda de su navegador d\u00f3nde se establece el procedimiento para su eliminaci\u00f3n.<\/p>\n<p><strong>Para m\u00e1s informaci\u00f3n:<\/strong><\/p>\n<p><a href=\"https:\/\/support.google.com\/chrome\/answer\/95647?hl=es\" target=\"_blank\" rel=\"noopener\">Google Chrome<\/a><\/p>\n<p><a href=\"https:\/\/support.microsoft.com\/es-es\/windows\/microsoft-edge-datos-de-exploraci%C3%B3n-y-privacidad-bb8174ba-9d73-dcf2-9b4a-c582b4e640dd#:~:text=Para%20cambiar%20la%20opci%C3%B3n%20de,%3E%20Privacidad%2C%20b%C3%BAsqueda%20y%20servicios.\" target=\"_blank\" rel=\"noopener\">Microsoft Edge<\/a><\/p>\n<p><a href=\"https:\/\/support.mozilla.org\/es\/kb\/habilitar-y-deshabilitar-cookies-sitios-web-rastrear-preferencias?redirectlocale=es&amp;redirectslug=habilitar-y-deshabilitar-cookies-que-los-sitios-we\" target=\"_blank\" rel=\"noopener\">Mozilla Firefox<\/a><\/p>\n<p><a href=\"https:\/\/support.apple.com\/es-es\/guide\/safari\/sfri11471\/mac\" target=\"_blank\" rel=\"noopener\">Safari<\/a><\/p>\n<p><a href=\"https:\/\/support.microsoft.com\/es-es\/windows\/cambiar-la-configuraci%C3%B3n-de-seguridad-y-privacidad-de-internet-explorer-11-9528b011-664c-b771-d757-43a2b78b2afe#ie=ie-11\" target=\"_blank\" rel=\"noopener\">Internet Explorer<\/a><\/p>\n<p><a href=\"https:\/\/help.opera.com\/en\/latest\/web-preferences\/#cookies\" target=\"_blank\" rel=\"noopener\">Opera\u00a0<\/a><\/p>\n<p><em>Es posible que al deshabilitar las cookies la p\u00e1gina web no funcione correctamente o no pueda acceder a determinadas funciones de la misma<\/em>.\u00a0<\/p>\n<p><strong><\/strong><\/p>\n<p><strong>Modificaci\u00f3n de las condiciones:<\/strong><\/p>\n<p><strong>Vogency.com<\/strong>\u00a0se reserva expresamente el derecho a modificar unilateralmente, total o parcialmente, sin necesidad de previo aviso, la presente Pol\u00edtica de Cookies. El usuario reconoce y acepta que es su responsabilidad revisar la presente\u00a0<strong>Pol\u00edtica de Cookies<\/strong>.<\/p>\n<p><strong>Modificaci\u00f3n de las condiciones:<\/strong><\/p>\n<p>vogency.com se reserva expresamente el derecho a modificar unilateralmente, total o parcialmente, sin necesidad de previo aviso, la presente Pol\u00edtica de Cookies. El usuario reconoce y acepta que es su responsabilidad revisar la presente <strong>Pol\u00edtica de Cookies<\/strong>.<\/p>\n<p>[\/et_pb_text][\/et_pb_column][\/et_pb_row][et_pb_row _builder_version=\u00bb4.19.5&#8243; _module_preset=\u00bbdefault\u00bb global_colors_info=\u00bb{}\u00bb][et_pb_column type=\u00bb4_4&#8243; _builder_version=\u00bb4.19.5&#8243; _module_preset=\u00bbdefault\u00bb background_color=\u00bb#000000&#8243; global_colors_info=\u00bb{}\u00bb][et_pb_button button_url=\u00bbhttps:\/\/www.vogency.com\u00bb button_text=\u00bbIR A LA HOME\u00bb button_alignment=\u00bbcenter\u00bb _builder_version=\u00bb4.22.0&#8243; _module_preset=\u00bbdefault\u00bb custom_button=\u00bbon\u00bb button_text_size=\u00bb17px\u00bb button_text_color=\u00bb#FFFFFF\u00bb button_bg_color=\u00bbRGBA(255,255,255,0)\u00bb button_border_width=\u00bb1px\u00bb button_border_color=\u00bbRGBA(255,255,255,0)\u00bb button_font=\u00bb|600|||||||\u00bb button_icon=\u00bb&#x4a;||divi||400&#8243; button_icon_color=\u00bb#FFFFFF\u00bb global_colors_info=\u00bb{}\u00bb][\/et_pb_button][\/et_pb_column][\/et_pb_row][\/et_pb_section]<\/p>\n","protected":false},"excerpt":{"rendered":"<p>Cookie policyPol\u00edtica de cookiesEn cumplimiento con el deber de informaci\u00f3n recogido en art\u00edculo 10 de la Ley 34\/2002, de 11 de Julio, de Servicios de la Sociedad de la Informaci\u00f3n y del Comercio Electr\u00f3nico, le informamos que el Sitio Web https:\/\/vogency.com (en adelante, \u201cel Web\u201d) es titularidad de ADROGUE BRANDING S.L. CIF B66376765, con domicilio [&hellip;]<\/p>\n","protected":false},"author":1,"featured_media":262318,"parent":0,"menu_order":0,"comment_status":"closed","ping_status":"closed","template":"","meta":{"_et_pb_use_builder":"on","_et_pb_old_content":"","_et_gb_content_width":"","footnotes":""},"class_list":["post-73","page","type-page","status-publish","has-post-thumbnail","hentry"],"_links":{"self":[{"href":"https:\/\/vogency.com\/cat\/wp-json\/wp\/v2\/pages\/73","targetHints":{"allow":["GET"]}}],"collection":[{"href":"https:\/\/vogency.com\/cat\/wp-json\/wp\/v2\/pages"}],"about":[{"href":"https:\/\/vogency.com\/cat\/wp-json\/wp\/v2\/types\/page"}],"author":[{"embeddable":true,"href":"https:\/\/vogency.com\/cat\/wp-json\/wp\/v2\/users\/1"}],"replies":[{"embeddable":true,"href":"https:\/\/vogency.com\/cat\/wp-json\/wp\/v2\/comments?post=73"}],"version-history":[{"count":0,"href":"https:\/\/vogency.com\/cat\/wp-json\/wp\/v2\/pages\/73\/revisions"}],"wp:featuredmedia":[{"embeddable":true,"href":"https:\/\/vogency.com\/cat\/wp-json\/wp\/v2\/media\/262318"}],"wp:attachment":[{"href":"https:\/\/vogency.com\/cat\/wp-json\/wp\/v2\/media?parent=73"}],"curies":[{"name":"wp","href":"https:\/\/api.w.org\/{rel}","templated":true}]}}