{"id":262530,"date":"2024-01-31T22:06:15","date_gmt":"2024-01-31T22:06:15","guid":{"rendered":"https:\/\/vogency.com\/?page_id=262530"},"modified":"2026-04-20T21:01:42","modified_gmt":"2026-04-20T21:01:42","slug":"contacto","status":"publish","type":"page","link":"https:\/\/vogency.com\/cat\/contacto\/","title":{"rendered":"Contacte"},"content":{"rendered":"<p>[et_pb_section fb_built=\u00bb1&#8243; admin_label=\u00bbVOSL1&#8243; _builder_version=\u00bb4.25.1&#8243; _module_preset=\u00bbdefault\u00bb custom_padding=\u00bb0px||0px||true|false\u00bb locked=\u00bboff\u00bb global_colors_info=\u00bb{}\u00bb][et_pb_row _builder_version=\u00bb4.19.0&#8243; _module_preset=\u00bbdefault\u00bb width=\u00bb100%\u00bb max_width=\u00bb100%\u00bb custom_padding=\u00bb0px||0px||true|false\u00bb global_colors_info=\u00bb{}\u00bb][et_pb_column type=\u00bb4_4&#8243; _builder_version=\u00bb4.19.0&#8243; _module_preset=\u00bbdefault\u00bb global_colors_info=\u00bb{}\u00bb][et_pb_slider show_arrows=\u00bboff\u00bb show_pagination=\u00bboff\u00bb _builder_version=\u00bb4.25.1&#8243; _module_preset=\u00bbdefault\u00bb header_font=\u00bbOswald|600||on|||||\u00bb header_font_size=\u00bb7vw\u00bb body_font=\u00bbSource Sans Pro||||||||\u00bb body_font_size=\u00bb18px\u00bb custom_button=\u00bbon\u00bb button_text_size=\u00bb16px\u00bb button_text_color=\u00bb#fed530&#8243; button_bg_color=\u00bbRGBA(255,255,255,0)\u00bb button_border_width=\u00bb0px\u00bb button_font=\u00bbSource Sans Pro|600|||||||\u00bb button_icon=\u00bb&#x3d;||divi||400&#8243; button_on_hover=\u00bboff\u00bb button_custom_padding=\u00bb5px|0px|5px|0px|true|true\u00bb text_orientation=\u00bbleft\u00bb content_max_width=\u00bb100%\u00bb height=\u00bb77vh\u00bb height_tablet=\u00bb37vh\u00bb height_phone=\u00bb27vh\u00bb height_last_edited=\u00bbon|phone\u00bb custom_margin=\u00bb0px||0px||false|false\u00bb custom_padding=\u00bb10%||9%|0px|false|false\u00bb custom_padding_tablet=\u00bb12%||5%||false|false\u00bb custom_padding_phone=\u00bb||3%||false|false\u00bb custom_padding_last_edited=\u00bbon|desktop\u00bb animation_style=\u00bbfade\u00bb auto=\u00bbon\u00bb header_font_size_tablet=\u00bb7vw\u00bb header_font_size_phone=\u00bb8vw\u00bb header_font_size_last_edited=\u00bbon|phone\u00bb custom_css_slide_description=\u00bbmargin-bottom: 20px;\u00bb custom_css_slide_title=\u00bbmargin-bottom: 10px;\u00bb global_colors_info=\u00bb{}\u00bb custom_css_slide_description_last_edited=\u00bboff|phone\u00bb custom_css_slide_description_phone=\u00bbpadding-right: 50%;\u00bb][et_pb_slide heading=\u00bbTe damos la voz\u00bb _builder_version=\u00bb4.25.1&#8243; _module_preset=\u00bbdefault\u00bb header_text_align=\u00bbcenter\u00bb body_text_align=\u00bbcenter\u00bb body_font_size=\u00bb18px\u00bb background_color=\u00bbrgba(10,10,10,0.6)\u00bb background_enable_color=\u00bbon\u00bb background_image=\u00bbhttps:\/\/vogency.com\/wp-content\/uploads\/2023\/11\/VO-CARD-004H.jpg\u00bb background_enable_image=\u00bbon\u00bb background_blend=\u00bbdarken\u00bb custom_padding=\u00bb|0px||0px|false|true\u00bb global_colors_info=\u00bb{}\u00bb sticky_transition=\u00bbon\u00bb][\/et_pb_slide][\/et_pb_slider][\/et_pb_column][\/et_pb_row][\/et_pb_section][et_pb_section fb_built=\u00bb1&#8243; admin_label=\u00bbGrid 02&#8243; _builder_version=\u00bb4.25.1&#8243; _module_preset=\u00bbdefault\u00bb background_color=\u00bbgcid-435afd6e-32bb-49d1-8ec5-e50a972ca6e8&#8243; custom_padding=\u00bb4%|0px|4%|0px|true|true\u00bb locked=\u00bboff\u00bb global_colors_info=\u00bb{%22gcid-435afd6e-32bb-49d1-8ec5-e50a972ca6e8%22:%91%22background_color%22%93}\u00bb][et_pb_row use_custom_gutter=\u00bbon\u00bb make_equal=\u00bbon\u00bb admin_label=\u00bbFila\u00bb _builder_version=\u00bb4.21.0&#8243; _module_preset=\u00bbdefault\u00bb width=\u00bb90%\u00bb max_width=\u00bb1200px\u00bb custom_padding=\u00bb20px||20px||true|false\u00bb locked=\u00bboff\u00bb global_colors_info=\u00bb{}\u00bb][et_pb_column type=\u00bb4_4&#8243; _builder_version=\u00bb4.21.0&#8243; _module_preset=\u00bbdefault\u00bb global_colors_info=\u00bb{}\u00bb][et_pb_text _builder_version=\u00bb4.25.1&#8243; _module_preset=\u00bbdefault\u00bb header_font=\u00bbPlayfair Display|&#8211;et_global_heading_font_weight|||||||\u00bb header_text_color=\u00bb#1d1d1f\u00bb header_font_size=\u00bb90px\u00bb header_line_height=\u00bb110%\u00bb custom_margin=\u00bb|200px||200px|true|true\u00bb custom_margin_tablet=\u00bb|50px||50px|true|true\u00bb custom_margin_phone=\u00bb|30px||30px|true|true\u00bb custom_margin_last_edited=\u00bbon|phone\u00bb custom_padding=\u00bb20px||20px||true|false\u00bb header_text_align_tablet=\u00bbleft\u00bb header_text_align_phone=\u00bbleft\u00bb header_text_align_last_edited=\u00bboff|tablet\u00bb header_font_size_tablet=\u00bb75px\u00bb header_font_size_phone=\u00bb44px\u00bb header_font_size_last_edited=\u00bbon|phone\u00bb locked=\u00bboff\u00bb global_colors_info=\u00bb{%22gcid-67960745-cc0c-4d73-b86b-ef2d6023be78%22:%91%22header_2_text_color%22%93}\u00bb]<\/p>\n<h1>En pleno contacto con las personas<\/h1>\n<p>[\/et_pb_text][\/et_pb_column][\/et_pb_row][et_pb_row use_custom_gutter=\u00bbon\u00bb gutter_width=\u00bb1&#8243; make_equal=\u00bbon\u00bb _builder_version=\u00bb4.23.1&#8243; _module_preset=\u00bbdefault\u00bb width=\u00bb90%\u00bb max_width=\u00bb1200px\u00bb custom_padding=\u00bb0px||0px||true|false\u00bb global_colors_info=\u00bb{}\u00bb][et_pb_column type=\u00bb4_4&#8243; _builder_version=\u00bb4.21.0&#8243; _module_preset=\u00bbdefault\u00bb global_colors_info=\u00bb{}\u00bb][et_pb_text _builder_version=\u00bb4.25.1&#8243; _module_preset=\u00bbdefault\u00bb header_font=\u00bb|700||on|||||\u00bb header_text_align=\u00bbleft\u00bb header_text_color=\u00bb#FFFFFF\u00bb header_font_size=\u00bb50px\u00bb header_line_height=\u00bb110%\u00bb header_2_text_align=\u00bbcenter\u00bb header_2_text_color=\u00bb#1d1d1f\u00bb header_2_font_size=\u00bb40px\u00bb header_3_font=\u00bb|300|||||||\u00bb header_3_text_align=\u00bbcenter\u00bb header_3_font_size=\u00bb40px\u00bb custom_margin=\u00bb|200px||200px|true|true\u00bb custom_margin_tablet=\u00bb|50px||50px|true|true\u00bb custom_margin_phone=\u00bb|30px||30px|true|true\u00bb custom_margin_last_edited=\u00bbon|phone\u00bb custom_padding=\u00bb20px||20px||true|false\u00bb header_text_align_tablet=\u00bbleft\u00bb header_text_align_phone=\u00bbleft\u00bb header_text_align_last_edited=\u00bbon|phone\u00bb header_font_size_tablet=\u00bb40px\u00bb header_font_size_phone=\u00bb25px\u00bb header_font_size_last_edited=\u00bbon|phone\u00bb header_2_font_size_tablet=\u00bb30px\u00bb header_2_font_size_phone=\u00bb25px\u00bb header_3_font_size_tablet=\u00bb30px\u00bb header_3_font_size_phone=\u00bb25px\u00bb header_3_font_size_last_edited=\u00bbon|tablet\u00bb global_colors_info=\u00bb{%22gcid-67960745-cc0c-4d73-b86b-ef2d6023be78%22:%91%22header_2_text_color%22%93}\u00bb]<\/p>\n<h3>Entendemos la importancia de una voz perfecta para dar vida a tus ideas<\/h3>\n<p>[\/et_pb_text][et_pb_text _builder_version=\u00bb4.25.1&#8243; _module_preset=\u00bbdefault\u00bb text_font=\u00bb|&#8211;et_global_body_font_weight|||||||\u00bb text_text_color=\u00bb#474747&#8243; text_font_size=\u00bb27px\u00bb text_line_height=\u00bb1.2em\u00bb header_font=\u00bb|700||on|||||\u00bb header_text_align=\u00bbleft\u00bb header_text_color=\u00bb#FFFFFF\u00bb header_font_size=\u00bb50px\u00bb header_line_height=\u00bb110%\u00bb header_2_text_align=\u00bbcenter\u00bb header_2_text_color=\u00bb#1d1d1f\u00bb header_2_font_size=\u00bb40px\u00bb header_3_text_align=\u00bbcenter\u00bb header_3_font_size=\u00bb40px\u00bb custom_margin=\u00bb|200px||200px|true|true\u00bb custom_margin_tablet=\u00bb|50px||50px|true|true\u00bb custom_margin_phone=\u00bb|30px||30px|true|true\u00bb custom_margin_last_edited=\u00bbon|phone\u00bb custom_padding=\u00bb20px||20px||true|false\u00bb text_font_size_tablet=\u00bb25px\u00bb text_font_size_phone=\u00bb23px\u00bb text_font_size_last_edited=\u00bbon|phone\u00bb header_text_align_tablet=\u00bbleft\u00bb header_text_align_phone=\u00bbleft\u00bb header_text_align_last_edited=\u00bbon|phone\u00bb header_font_size_tablet=\u00bb40px\u00bb header_font_size_phone=\u00bb25px\u00bb header_font_size_last_edited=\u00bbon|phone\u00bb header_2_font_size_tablet=\u00bb30px\u00bb header_2_font_size_phone=\u00bb25px\u00bb header_3_font_size_tablet=\u00bb30px\u00bb header_3_font_size_phone=\u00bb25px\u00bb header_3_font_size_last_edited=\u00bbon|tablet\u00bb global_colors_info=\u00bb{%22gcid-67960745-cc0c-4d73-b86b-ef2d6023be78%22:%91%22header_2_text_color%22%93}\u00bb]<\/p>\n<p>\u00bfPor qu\u00e9 elegir Vogency?<\/p>\n<p>Experiencia garantizada: Nuestro equipo cuenta con amplia experiencia en la industria, brindando resultados de m\u00e1xima calidad.<\/p>\n<p>Diversidad de talentos: Sea cual sea tu visi\u00f3n, contamos con las mejores voces para cada proyecto. Voces profesionales preparadas para elevar tu proyecto a nuevos niveles.<\/p>\n<p>Compromiso con la calidad: Trabajamos por brindar servicios de la mejor experiencia en locuciones profesionales, asegurando que tu voz sea escuchada con la m\u00e1xima calidad.<\/p>\n<p>En Vogency, estamos emocionados de ser la voz que impulse tu proyecto hacia el \u00e9xito. Ya sea para consultas, solicitudes de presupuesto o cualquier informaci\u00f3n adicional, estamos aqu\u00ed para guiarte en cada paso del camino.<\/p>\n<p>[\/et_pb_text][et_pb_text _builder_version=\u00bb4.25.1&#8243; _module_preset=\u00bbdefault\u00bb text_text_color=\u00bb#242424&#8243; text_font_size=\u00bb19px\u00bb header_font=\u00bb|700||on|||||\u00bb header_text_align=\u00bbleft\u00bb header_text_color=\u00bb#FFFFFF\u00bb header_font_size=\u00bb50px\u00bb header_line_height=\u00bb110%\u00bb header_2_text_align=\u00bbcenter\u00bb header_2_text_color=\u00bb#1d1d1f\u00bb header_2_font_size=\u00bb40px\u00bb header_3_text_align=\u00bbcenter\u00bb header_3_font_size=\u00bb40px\u00bb custom_margin=\u00bb|200px||200px|true|true\u00bb custom_margin_tablet=\u00bb|50px||50px|true|true\u00bb custom_margin_phone=\u00bb|30px||30px|true|true\u00bb custom_margin_last_edited=\u00bbon|phone\u00bb custom_padding=\u00bb20px||20px||true|false\u00bb header_text_align_tablet=\u00bbleft\u00bb header_text_align_phone=\u00bbleft\u00bb header_text_align_last_edited=\u00bbon|phone\u00bb header_font_size_tablet=\u00bb40px\u00bb header_font_size_phone=\u00bb25px\u00bb header_font_size_last_edited=\u00bbon|phone\u00bb header_2_font_size_tablet=\u00bb30px\u00bb header_2_font_size_phone=\u00bb25px\u00bb header_3_font_size_tablet=\u00bb30px\u00bb header_3_font_size_phone=\u00bb25px\u00bb header_3_font_size_last_edited=\u00bbon|tablet\u00bb global_colors_info=\u00bb{%22gcid-67960745-cc0c-4d73-b86b-ef2d6023be78%22:%91%22header_2_text_color%22%93}\u00bb]<\/p>\n<p><span style=\"color: #000000;\"><a href=\"mailto:contacto@vogency.com\" style=\"color: #000000;\">contacto@vogency.com<\/a><\/span><\/p>\n<p>(+34) 687 450 592<\/p>\n<p>(+34) 682 676 678<\/p>\n<p>&nbsp;<\/p>\n<p>[\/et_pb_text][\/et_pb_column][\/et_pb_row][\/et_pb_section][et_pb_section fb_built=\u00bb1&#8243; custom_padding_last_edited=\u00bbon|desktop\u00bb _builder_version=\u00bb4.25.1&#8243; background_color=\u00bb#121212&#8243; background_enable_image=\u00bboff\u00bb background_size=\u00bbcontain\u00bb background_position=\u00bbcenter_right\u00bb background_horizontal_offset=\u00bb10%\u00bb custom_padding=\u00bb4%|20px|4%|20px|true|false\u00bb custom_padding_tablet=\u00bb|0px||0px|true|false\u00bb custom_padding_phone=\u00bb4%|0px|4%|0px|true|false\u00bb box_shadow_style=\u00bbpreset1&#8243; box_shadow_vertical=\u00bb12px\u00bb locked=\u00bboff\u00bb global_colors_info=\u00bb{}\u00bb][et_pb_row column_structure=\u00bb1_2,1_6,1_6,1_6&#8243; use_custom_gutter=\u00bbon\u00bb custom_padding_last_edited=\u00bbon|desktop\u00bb module_class=\u00bb et_pb_row_fullwidth\u00bb _builder_version=\u00bb4.25.1&#8243; width=\u00bb94%\u00bb width_tablet=\u00bb80%\u00bb width_phone=\u00bb\u00bb width_last_edited=\u00bbon|desktop\u00bb max_width=\u00bb94%\u00bb max_width_tablet=\u00bb80%\u00bb max_width_phone=\u00bb\u00bb max_width_last_edited=\u00bbon|desktop\u00bb module_alignment=\u00bbcenter\u00bb custom_margin=\u00bb0px|0px|0px|0px\u00bb custom_padding=\u00bb1%|2%|0px|2%|false|true\u00bb custom_padding_tablet=\u00bb10%|0%|7%|0%|false|false\u00bb custom_padding_phone=\u00bb15%|1%|15%|0%|true|false\u00bb make_fullwidth=\u00bbon\u00bb width_unit=\u00bboff\u00bb custom_width_percent=\u00bb100%\u00bb global_colors_info=\u00bb{}\u00bb][et_pb_column type=\u00bb1_2&#8243; _builder_version=\u00bb4.25.1&#8243; custom_padding=\u00bb|||\u00bb global_colors_info=\u00bb{}\u00bb custom_padding__hover=\u00bb|||\u00bb][et_pb_text _builder_version=\u00bb4.25.1&#8243; header_2_text_color=\u00bbgcid-67960745-cc0c-4d73-b86b-ef2d6023be78&#8243; header_2_font_size=\u00bb30px\u00bb header_3_font=\u00bb|&#8211;et_global_body_font_weight|||||||\u00bb header_3_text_color=\u00bbgcid-67960745-cc0c-4d73-b86b-ef2d6023be78&#8243; header_3_font_size=\u00bb19px\u00bb custom_margin_last_edited=\u00bboff|phone\u00bb custom_padding=\u00bb|2%||2%|false|true\u00bb header_2_font_size_tablet=\u00bb30px\u00bb global_colors_info=\u00bb{%22gcid-67960745-cc0c-4d73-b86b-ef2d6023be78%22:%91%22header_3_text_color%22,%22header_2_text_color%22%93}\u00bb]<\/p>\n<h2>La voz perfecta para llevar a cabo todo tipo de producci\u00f3n audiovisual est\u00e1 en Vogency<\/h2>\n<h3><\/h3>\n<h3>Voces creativas<br \/>Voces de doblaje<br \/>Voces corporativas<br \/>Voces online<\/h3>\n<p>[\/et_pb_text][\/et_pb_column][et_pb_column type=\u00bb1_6&#8243; _builder_version=\u00bb4.25.1&#8243; custom_padding=\u00bb|||\u00bb global_colors_info=\u00bb{}\u00bb custom_padding__hover=\u00bb|||\u00bb][et_pb_text _builder_version=\u00bb4.25.1&#8243; text_text_color=\u00bbgcid-67960745-cc0c-4d73-b86b-ef2d6023be78&#8243; link_text_color=\u00bbgcid-67960745-cc0c-4d73-b86b-ef2d6023be78&#8243; link_font_size=\u00bb16px\u00bb ul_text_color=\u00bbgcid-67960745-cc0c-4d73-b86b-ef2d6023be78&#8243; ul_font_size=\u00bb16px\u00bb header_3_font=\u00bb|600|||||||\u00bb header_3_text_color=\u00bb#000000&#8243; global_colors_info=\u00bb{%22gcid-67960745-cc0c-4d73-b86b-ef2d6023be78%22:%91%22text_text_color%22,%22link_text_color%22,%22ul_text_color%22%93}\u00bb]<\/p>\n<h3><\/h3>\n<ul>\n<li><a href=\"https:\/\/vogency.com\/locucion-para-publicidad\/\">Publicidad<\/a><\/li>\n<li><a href=\"https:\/\/vogency.com\/locucion-para-redes-sociales\/\">Redes sociales<\/a><\/li>\n<li><a href=\"https:\/\/vogency.com\/locucion-para-podcast\/\">Podcasts<\/a><\/li>\n<li><a href=\"https:\/\/vogency.com\/locucion-para-radio-y-television\/\">Radio &amp; TV<\/a><\/li>\n<li><a href=\"https:\/\/vogency.com\/locucion-para-promociones\/\">Promociones<\/a><\/li>\n<li><a href=\"https:\/\/vogency.com\/locuciones-corporativas\/\">Corporativas<\/a><\/li>\n<\/ul>\n<p>[\/et_pb_text][\/et_pb_column][et_pb_column type=\u00bb1_6&#8243; _builder_version=\u00bb4.25.1&#8243; custom_padding=\u00bb|||\u00bb global_colors_info=\u00bb{}\u00bb custom_padding__hover=\u00bb|||\u00bb][et_pb_text _builder_version=\u00bb4.25.1&#8243; text_text_color=\u00bbgcid-67960745-cc0c-4d73-b86b-ef2d6023be78&#8243; link_text_color=\u00bbgcid-67960745-cc0c-4d73-b86b-ef2d6023be78&#8243; link_font_size=\u00bb16px\u00bb ul_text_color=\u00bbgcid-67960745-cc0c-4d73-b86b-ef2d6023be78&#8243; ul_font_size=\u00bb16px\u00bb header_3_font=\u00bb|600|||||||\u00bb header_3_text_color=\u00bb#000000&#8243; global_colors_info=\u00bb{%22gcid-67960745-cc0c-4d73-b86b-ef2d6023be78%22:%91%22text_text_color%22,%22link_text_color%22,%22ul_text_color%22%93}\u00bb]<\/p>\n<h3><\/h3>\n<ul>\n<li><a href=\"https:\/\/vogency.com\/locucion-para-formacion\/\">E-Learning<\/a><\/li>\n<li><a href=\"https:\/\/vogency.com\/locucion-para-audiolibros\/\">Audiolibros<\/a><\/li>\n<li><a href=\"https:\/\/vogency.com\/locucion-para-audioguias\/\">Audiogu\u00edas<\/a><\/li>\n<li><a href=\"https:\/\/vogency.com\/locucion-para-megafonias\/\">Megafon\u00edas<\/a><\/li>\n<li><a href=\"https:\/\/vogency.com\/locucion-para-centralitas-telefonicas\/\">Centralitas telef\u00f3nicas<\/a><\/li>\n<li><a href=\"https:\/\/vogency.com\/locucion-para-hilos-musicales\/\">Hilos Musicales<\/a><\/li>\n<\/ul>\n<p>[\/et_pb_text][\/et_pb_column][et_pb_column type=\u00bb1_6&#8243; _builder_version=\u00bb4.25.1&#8243; custom_padding=\u00bb|||\u00bb global_colors_info=\u00bb{}\u00bb custom_padding__hover=\u00bb|||\u00bb][et_pb_text _builder_version=\u00bb4.25.1&#8243; text_text_color=\u00bbgcid-67960745-cc0c-4d73-b86b-ef2d6023be78&#8243; link_text_color=\u00bbgcid-67960745-cc0c-4d73-b86b-ef2d6023be78&#8243; link_font_size=\u00bb16px\u00bb ul_text_color=\u00bbgcid-67960745-cc0c-4d73-b86b-ef2d6023be78&#8243; ul_font_size=\u00bb16px\u00bb header_3_font=\u00bb|600|||||||\u00bb header_3_text_color=\u00bb#000000&#8243; global_colors_info=\u00bb{%22gcid-67960745-cc0c-4d73-b86b-ef2d6023be78%22:%91%22text_text_color%22,%22link_text_color%22,%22ul_text_color%22%93}\u00bb]<\/p>\n<h3><\/h3>\n<ul>\n<li><a href=\"https:\/\/vogency.com\/edicion-de-video\/\">Edici\u00f3n de v\u00eddeo<\/a><\/li>\n<li><a href=\"https:\/\/vogency.com\/postproduccion-de-sonido\/\">Postproducci\u00f3n de sonido<\/a><\/li>\n<li><a href=\"https:\/\/vogency.com\/servicios\/\">Traducci\u00f3n<\/a><\/li>\n<li><a href=\"https:\/\/vogency.com\/servicios\/\">Transcripci\u00f3n<\/a><\/li>\n<li><a href=\"https:\/\/vogency.com\/servicios\/\">Subtitulado<\/a><\/li>\n<li><a href=\"https:\/\/vogency.com\/servicios\/\">Correcci\u00f3n<\/a><\/li>\n<\/ul>\n<p>[\/et_pb_text][\/et_pb_column][\/et_pb_row][\/et_pb_section]<\/p>\n","protected":false},"excerpt":{"rendered":"<p>En pleno contacto con las personasEntendemos la importancia de una voz perfecta para dar vida a tus ideas\u00bfPor qu\u00e9 elegir Vogency? Experiencia garantizada: Nuestro equipo cuenta con amplia experiencia en la industria, brindando resultados de m\u00e1xima calidad. Diversidad de talentos: Sea cual sea tu visi\u00f3n, contamos con las mejores voces para cada proyecto. Voces profesionales [&hellip;]<\/p>\n","protected":false},"author":1,"featured_media":262321,"parent":0,"menu_order":0,"comment_status":"closed","ping_status":"closed","template":"","meta":{"_et_pb_use_builder":"on","_et_pb_old_content":"","_et_gb_content_width":"","footnotes":""},"class_list":["post-262530","page","type-page","status-publish","has-post-thumbnail","hentry"],"_links":{"self":[{"href":"https:\/\/vogency.com\/cat\/wp-json\/wp\/v2\/pages\/262530","targetHints":{"allow":["GET"]}}],"collection":[{"href":"https:\/\/vogency.com\/cat\/wp-json\/wp\/v2\/pages"}],"about":[{"href":"https:\/\/vogency.com\/cat\/wp-json\/wp\/v2\/types\/page"}],"author":[{"embeddable":true,"href":"https:\/\/vogency.com\/cat\/wp-json\/wp\/v2\/users\/1"}],"replies":[{"embeddable":true,"href":"https:\/\/vogency.com\/cat\/wp-json\/wp\/v2\/comments?post=262530"}],"version-history":[{"count":3,"href":"https:\/\/vogency.com\/cat\/wp-json\/wp\/v2\/pages\/262530\/revisions"}],"predecessor-version":[{"id":263251,"href":"https:\/\/vogency.com\/cat\/wp-json\/wp\/v2\/pages\/262530\/revisions\/263251"}],"wp:featuredmedia":[{"embeddable":true,"href":"https:\/\/vogency.com\/cat\/wp-json\/wp\/v2\/media\/262321"}],"wp:attachment":[{"href":"https:\/\/vogency.com\/cat\/wp-json\/wp\/v2\/media?parent=262530"}],"curies":[{"name":"wp","href":"https:\/\/api.w.org\/{rel}","templated":true}]}}